{"id":15,"date":"2022-10-17T14:49:50","date_gmt":"2022-10-17T12:49:50","guid":{"rendered":"https:\/\/truckon.se\/?page_id=15"},"modified":"2023-02-04T11:15:53","modified_gmt":"2023-02-04T10:15:53","slug":"service","status":"publish","type":"page","link":"https:\/\/truckon.se\/index.php\/service\/","title":{"rendered":"Service"},"content":{"rendered":"<div class=\"fusion-fullwidth fullwidth-box fusion-builder-row-1 fusion-flex-container has-pattern-background has-mask-background nonhundred-percent-fullwidth non-hundred-percent-height-scrolling\" style=\"background-color: rgba(255,255,255,0);background-position: center center;background-repeat: no-repeat;border-width: 0px 0px 0px 0px;border-color:var(--awb-color3);border-style:solid;\" ><div class=\"fusion-builder-row fusion-row fusion-flex-align-items-flex-start\" style=\"max-width:1248px;margin-left: calc(-4% \/ 2 );margin-right: calc(-4% \/ 2 );\"><div class=\"fusion-layout-column fusion_builder_column fusion-builder-column-0 fusion_builder_column_1_2 1_2 fusion-flex-column\"><div class=\"fusion-column-wrapper fusion-flex-justify-content-flex-start fusion-content-layout-column\" style=\"background-position:left top;background-repeat:no-repeat;-webkit-background-size:cover;-moz-background-size:cover;-o-background-size:cover;background-size:cover;padding: 0px 0px 0px 0px;\"><style type=\"text\/css\">@media only screen and (max-width:1024px) {.fusion-title.fusion-title-1{margin-top:10px!important; margin-right:0px!important;margin-bottom:15px!important;margin-left:0px!important;}}@media only screen and (max-width:640px) {.fusion-title.fusion-title-1{margin-top:10px!important; margin-right:0px!important;margin-bottom:10px!important; margin-left:0px!important;}}<\/style><div class=\"fusion-title title fusion-title-1 fusion-sep-none fusion-title-text fusion-title-size-three\" style=\"font-size:48px;margin-top:10px;margin-right:0px;margin-bottom:15px;margin-left:0px;\"><h3 class=\"title-heading-left\" style=\"margin:0;font-size:1em;color:var(--awb-color6);\">Serviceavtal<\/h3><\/div><div class=\"fusion-separator\" style=\"align-self: flex-start;margin-right:auto;margin-bottom:50px;width:100%;max-width:85px;\"><div class=\"fusion-separator-border sep-single sep-solid\" style=\"border-color:var(--awb-color4);border-top-width:4px;\"><\/div><\/div><div class=\"fusion-text fusion-text-1\" style=\"text-align:left;\"><p>Vi rekommenderar v\u00e5ra kunder ett teckna ett serviceavtal med oss. Avtalet inneb\u00e4r l\u00e4gre timdebitering, f\u00f6rebyggande underh\u00e5ll och service med dokumenterad servicehistorik som medf\u00f6r snabbare och effektivare hj\u00e4lp p\u00e5 plats.<\/p>\n<p>Vi kan alltid vara snabbt p\u00e5 plats med en av v\u00e5ra 8 fullt utrustade servicebilar i v\u00e5r region. Med v\u00e5r service kan ni vara s\u00e4kra p\u00e5 att era maskiner alltid uppfyller de s\u00e4kerhetskrav som anges i lagstiftningen och f\u00f6r de verkst\u00e4llande myndigheterna i ditt land. Checklista protokollf\u00f6rs av v\u00e5ra servicetekniker och \u00f6verl\u00e4mnas till er efter att arbetet \u00e4r utf\u00f6rt.<\/p>\n<p>Arbetsmilj\u00f6verket och Arbetsmilj\u00f6lagen kr\u00e4ver att f\u00f6rebyggande underh\u00e5ll &amp; gaffeltest enligt tillverkarens rekommendationer f\u00f6ljs (oftast 500 timmar intervall alternativ minst 1 g\u00e5ng\/\u00e5r.)<\/p>\n<p><a href=\"https:\/\/www.av.se\/produktion-industri-och-logistik\/fordon\/truckar\/?hl=truck\" target=\"_blank\" rel=\"noopener\"><strong>\u00a0\u00a0L\u00c4S ARBETSMILJ\u00d6VERKETS F\u00d6RESKRIFT H\u00c4R<\/strong><\/a><\/p>\n<p><strong>Serviceavtal med f\u00f6rebyggande underh\u00e5ll.<\/strong><\/p>\n<p>Med detta avtal ser vi till att er truckpark underh\u00e5lls med f\u00f6rebyggande service, vilket minimerar reparationer och stillest\u00e5nd. Avtalet ger dig ett fast pris f\u00f6r service och lagstadgad \u00f6versyn s\u00e5 som gaffeltest. Materialf\u00f6rbrukning, resekostnader enligt zontaxa tillkommer.<\/p>\n<p>Utf\u00f6rs reparationer eller liknande ut\u00f6ver f\u00f6rebyggande service faktureras detta separat.<\/p>\n<p><strong>F\u00f6rekommande tillval vid service:<\/strong><\/p>\n<ul>\n<li>Brandskyddskontroll enligt lokala krav<\/li>\n<li>Tredjeparts besiktning av plocktruckar och liftar<\/li>\n<li>Gaffeltest<\/li>\n<\/ul>\n<\/div><\/div><style type=\"text\/css\">.fusion-body .fusion-builder-column-0{width:50% !important;margin-top : 0px;margin-bottom : 20px;}.fusion-builder-column-0 > .fusion-column-wrapper {padding-top : 0px !important;padding-right : 0px !important;margin-right : 3.84%;padding-bottom : 0px !important;padding-left : 0px !important;margin-left : 3.84%;}@media only screen and (max-width:1024px) {.fusion-body .fusion-builder-column-0{width:50% !important;order : 0;}.fusion-builder-column-0 > .fusion-column-wrapper {margin-right : 3.84%;margin-left : 3.84%;}}@media only screen and (max-width:640px) {.fusion-body .fusion-builder-column-0{width:100% !important;order : 0;}.fusion-builder-column-0 > .fusion-column-wrapper {margin-right : 1.92%;margin-left : 1.92%;}}<\/style><\/div><div class=\"fusion-layout-column fusion_builder_column fusion-builder-column-1 fusion_builder_column_1_2 1_2 fusion-flex-column\"><div class=\"fusion-column-wrapper fusion-flex-justify-content-flex-start fusion-content-layout-column\" style=\"background-position:left top;background-repeat:no-repeat;-webkit-background-size:cover;-moz-background-size:cover;-o-background-size:cover;background-size:cover;padding: 0px 0px 0px 0px;\"><div ><span class=\" fusion-imageframe imageframe-none imageframe-1 hover-type-none\" style=\"border-radius:10px;\"><img decoding=\"async\" width=\"1024\" height=\"683\" title=\"DCIM100MEDIADJI_0234.JPG\" src=\"https:\/\/truckon.se\/wp-content\/uploads\/2023\/02\/service_pic-1024x683.jpg\" alt class=\"img-responsive wp-image-1128\" srcset=\"https:\/\/truckon.se\/wp-content\/uploads\/2023\/02\/service_pic-200x133.jpg 200w, https:\/\/truckon.se\/wp-content\/uploads\/2023\/02\/service_pic-400x267.jpg 400w, https:\/\/truckon.se\/wp-content\/uploads\/2023\/02\/service_pic-600x400.jpg 600w, https:\/\/truckon.se\/wp-content\/uploads\/2023\/02\/service_pic-800x533.jpg 800w, https:\/\/truckon.se\/wp-content\/uploads\/2023\/02\/service_pic.jpg 1200w\" sizes=\"(max-width: 640px) 100vw, 600px\" \/><\/span><\/div><\/div><style type=\"text\/css\">.fusion-body .fusion-builder-column-1{width:50% !important;margin-top : 0px;margin-bottom : 20px;}.fusion-builder-column-1 > .fusion-column-wrapper {padding-top : 0px !important;padding-right : 0px !important;margin-right : 3.84%;padding-bottom : 0px !important;padding-left : 0px !important;margin-left : 3.84%;}@media only screen and (max-width:1024px) {.fusion-body .fusion-builder-column-1{width:50% !important;order : 0;}.fusion-builder-column-1 > .fusion-column-wrapper {margin-right : 3.84%;margin-left : 3.84%;}}@media only screen and (max-width:640px) {.fusion-body .fusion-builder-column-1{width:100% !important;order : 0;}.fusion-builder-column-1 > .fusion-column-wrapper {margin-right : 1.92%;margin-left : 1.92%;}}<\/style><\/div><\/div><style type=\"text\/css\">.fusion-body .fusion-flex-container.fusion-builder-row-1{ padding-top : 0px;margin-top : 0px;padding-right : 0px;padding-bottom : 0px;margin-bottom : 0px;padding-left : 0px;}<\/style><\/div>\n","protected":false},"excerpt":{"rendered":"","protected":false},"author":1,"featured_media":0,"parent":0,"menu_order":0,"comment_status":"closed","ping_status":"closed","template":"100-width.php","meta":{"footnotes":""},"class_list":["post-15","page","type-page","status-publish","hentry"],"_links":{"self":[{"href":"https:\/\/truckon.se\/index.php\/wp-json\/wp\/v2\/pages\/15","targetHints":{"allow":["GET"]}}],"collection":[{"href":"https:\/\/truckon.se\/index.php\/wp-json\/wp\/v2\/pages"}],"about":[{"href":"https:\/\/truckon.se\/index.php\/wp-json\/wp\/v2\/types\/page"}],"author":[{"embeddable":true,"href":"https:\/\/truckon.se\/index.php\/wp-json\/wp\/v2\/users\/1"}],"replies":[{"embeddable":true,"href":"https:\/\/truckon.se\/index.php\/wp-json\/wp\/v2\/comments?post=15"}],"version-history":[{"count":16,"href":"https:\/\/truckon.se\/index.php\/wp-json\/wp\/v2\/pages\/15\/revisions"}],"predecessor-version":[{"id":1129,"href":"https:\/\/truckon.se\/index.php\/wp-json\/wp\/v2\/pages\/15\/revisions\/1129"}],"wp:attachment":[{"href":"https:\/\/truckon.se\/index.php\/wp-json\/wp\/v2\/media?parent=15"}],"curies":[{"name":"wp","href":"https:\/\/api.w.org\/{rel}","templated":true}]}}